{"id":912,"date":"2023-09-16T00:45:28","date_gmt":"2023-09-15T23:45:28","guid":{"rendered":"https:\/\/iptvprimemax.com\/?page_id=912"},"modified":"2023-11-26T15:07:17","modified_gmt":"2023-11-26T14:07:17","slug":"thank-you-6months","status":"publish","type":"page","link":"https:\/\/iptvprimemax.com\/sv\/thank-you-6months\/","title":{"rendered":"Thank you"},"content":{"rendered":"<div data-elementor-type=\"wp-page\" data-elementor-id=\"912\" class=\"elementor elementor-912\" data-elementor-post-type=\"page\">\n\t\t\t\t\t\t\t\t\t<section class=\"elementor-section elementor-top-section elementor-element elementor-element-3bbbb220 elementor-section-boxed elementor-section-height-default elementor-section-height-default\" data-id=\"3bbbb220\" data-element_type=\"section\" data-settings=\"{&quot;background_background&quot;:&quot;classic&quot;}\">\n\t\t\t\t\t\t<div class=\"elementor-container elementor-column-gap-default\">\n\t\t\t\t\t<div class=\"elementor-column elementor-col-100 elementor-top-column elementor-element elementor-element-4ce2d6c2\" data-id=\"4ce2d6c2\" data-element_type=\"column\">\n\t\t\t<div class=\"elementor-widget-wrap elementor-element-populated\">\n\t\t\t\t\t\t\t\t<div class=\"elementor-element elementor-element-43787bae elementor-widget elementor-widget-heading\" data-id=\"43787bae\" data-element_type=\"widget\" data-widget_type=\"heading.default\">\n\t\t\t\t<div class=\"elementor-widget-container\">\n\t\t\t<h2 class=\"elementor-heading-title elementor-size-default\">Thank You<\/h2>\t\t<\/div>\n\t\t\t\t<\/div>\n\t\t\t\t<div class=\"elementor-element elementor-element-687c7f7c elementor-widget__width-initial elementor-widget elementor-widget-text-editor\" data-id=\"687c7f7c\" data-element_type=\"widget\" data-widget_type=\"text-editor.default\">\n\t\t\t\t<div class=\"elementor-widget-container\">\n\t\t\t\t\t\t\t<p class=\"woocommerce-notice woocommerce-notice--success woocommerce-thankyou-order-received\" style=\"text-align: center;\"><strong>Your order has been received<\/strong><\/p>\t\t\t\t\t\t<\/div>\n\t\t\t\t<\/div>\n\t\t\t\t\t<\/div>\n\t\t<\/div>\n\t\t\t\t\t\t\t<\/div>\n\t\t<\/section>\n\t\t<div class=\"elementor-element elementor-element-6c00e5c3 e-flex e-con-boxed e-con e-parent\" data-id=\"6c00e5c3\" data-element_type=\"container\" data-settings=\"{&quot;background_background&quot;:&quot;classic&quot;,&quot;container_type&quot;:&quot;flex&quot;,&quot;content_width&quot;:&quot;boxed&quot;}\" data-core-v316-plus=\"true\">\n\t\t\t\t\t<div class=\"e-con-inner\">\n\t\t<div class=\"elementor-element elementor-element-49701cc6 e-con-full e-flex e-con e-child\" data-id=\"49701cc6\" data-element_type=\"container\" data-settings=\"{&quot;content_width&quot;:&quot;full&quot;,&quot;container_type&quot;:&quot;flex&quot;}\">\n\t\t\t\t<div class=\"elementor-element elementor-element-5241ac38 elementor-widget__width-initial elementor-widget elementor-widget-text-editor\" data-id=\"5241ac38\" data-element_type=\"widget\" data-widget_type=\"text-editor.default\">\n\t\t\t\t<div class=\"elementor-widget-container\">\n\t\t\t\t\t\t\t<p style=\"text-align: center;\">We&#8217;re excited to have you join our IPTV community! Your order for <b>6 Months IPTV Subscription<\/b> has been successfully received, and we appreciate your trust in us.<\/p>\t\t\t\t\t\t<\/div>\n\t\t\t\t<\/div>\n\t\t\t\t<div class=\"elementor-element elementor-element-28be094 elementor-widget__width-initial elementor-widget-tablet__width-initial elementor-widget-mobile__width-initial elementor-widget elementor-widget-image\" data-id=\"28be094\" data-element_type=\"widget\" data-widget_type=\"image.default\">\n\t\t\t\t<div class=\"elementor-widget-container\">\n\t\t\t\t\t\t\t\t\t\t\t\t\t\t\t<img fetchpriority=\"high\" decoding=\"async\" width=\"280\" height=\"280\" src=\"https:\/\/iptvprimemax.com\/wp-content\/uploads\/2023\/09\/6Months.webp\" class=\"attachment-large size-large wp-image-876\" alt=\"\" srcset=\"https:\/\/iptvprimemax.com\/wp-content\/uploads\/2023\/09\/6Months.webp 280w, https:\/\/iptvprimemax.com\/wp-content\/uploads\/2023\/09\/6Months-150x150.webp 150w\" sizes=\"(max-width: 280px) 100vw, 280px\">\t\t\t\t\t\t\t\t\t\t\t\t\t\t\t<\/div>\n\t\t\t\t<\/div>\n\t\t\t\t<div class=\"elementor-element elementor-element-475f6104 elementor-widget__width-initial elementor-widget elementor-widget-text-editor\" data-id=\"475f6104\" data-element_type=\"widget\" data-widget_type=\"text-editor.default\">\n\t\t\t\t<div class=\"elementor-widget-container\">\n\t\t\t\t\t\t\t<p style=\"text-align: center;\"><strong><u>What&#8217;s Next:<\/u><\/strong><\/p><p style=\"text-align: center;\"><strong>1.<\/strong> Our team is currently processing your order.<\/p><p style=\"text-align: center;\"><strong>2.<\/strong> In a separate email, you will receive all the links that will grant you access to your IPTV subscription.<\/p><p style=\"text-align: center;\"><strong>3.<\/strong> Once you have your credentials, you can start enjoying our extensive range of TV channels and content.<\/p>\t\t\t\t\t\t<\/div>\n\t\t\t\t<\/div>\n\t\t\t\t<div class=\"elementor-element elementor-element-931 elementor-widget__width-initial elementor-widget elementor-widget-global elementor-global-931 elementor-widget-text-editor\" data-id=\"931\" data-element_type=\"widget\" data-widget_type=\"text-editor.default\">\n\t\t\t\t<div class=\"elementor-widget-container\">\n\t\t\t\t\t\t\t<p><strong>Viktigt:<\/strong> Vi har skickat orderbekr\u00e4ftelsen till den angivna e-postadressen. F\u00f6r att s\u00e4kerst\u00e4lla att du f\u00e5r v\u00e5rt n\u00e4sta e-postmeddelande med dina IPTV-abonnemangsuppgifter, kontrollera din \"skr\u00e4ppost\" -mapp om den landar d\u00e4r. Om du inte f\u00e5r e-postmeddelandet inom 15 till 30 minuter eller st\u00f6ter p\u00e5 n\u00e5gra problem, tveka inte att kontakta v\u00e5rt kundsupportteam p\u00e5 <a href=\"mailto:support@iptvprimemax.com\"><strong>support@iptvprimemax.com<\/strong><\/a> eller <strong><a href=\"https:\/\/wa.me\/12518403701\" target=\"_blank\" rel=\"noopener\">+12518403701<\/a><\/strong> via WhatsApp.<\/p>\t\t\t\t\t\t<\/div>\n\t\t\t\t<\/div>\n\t\t\t\t<\/div>\n\t\t\t\t\t<\/div>\n\t\t\t\t<\/div>\n\t\t\t\t\t\t\t<\/div>","protected":false},"excerpt":{"rendered":"<p>Thank You Your order has been received We&#8217;re excited to have you join our IPTV community! Your order for 6 Months IPTV [&hellip;]<\/p>","protected":false},"author":2,"featured_media":0,"parent":0,"menu_order":0,"comment_status":"closed","ping_status":"closed","template":"","meta":{"rank_math_lock_modified_date":false,"iawp_total_views":0,"footnotes":""},"class_list":["post-912","page","type-page","status-publish","hentry"],"_links":{"self":[{"href":"https:\/\/iptvprimemax.com\/sv\/wp-json\/wp\/v2\/pages\/912","targetHints":{"allow":["GET"]}}],"collection":[{"href":"https:\/\/iptvprimemax.com\/sv\/wp-json\/wp\/v2\/pages"}],"about":[{"href":"https:\/\/iptvprimemax.com\/sv\/wp-json\/wp\/v2\/types\/page"}],"author":[{"embeddable":true,"href":"https:\/\/iptvprimemax.com\/sv\/wp-json\/wp\/v2\/users\/2"}],"replies":[{"embeddable":true,"href":"https:\/\/iptvprimemax.com\/sv\/wp-json\/wp\/v2\/comments?post=912"}],"version-history":[{"count":0,"href":"https:\/\/iptvprimemax.com\/sv\/wp-json\/wp\/v2\/pages\/912\/revisions"}],"wp:attachment":[{"href":"https:\/\/iptvprimemax.com\/sv\/wp-json\/wp\/v2\/media?parent=912"}],"curies":[{"name":"wp","href":"https:\/\/api.w.org\/{rel}","templated":true}]}}