{"id":785,"date":"2023-09-12T15:09:05","date_gmt":"2023-09-12T14:09:05","guid":{"rendered":"https:\/\/iptvprimemax.com\/?page_id=785"},"modified":"2023-12-18T22:21:18","modified_gmt":"2023-12-18T21:21:18","slug":"about-us","status":"publish","type":"page","link":"https:\/\/iptvprimemax.com\/sv\/about-us\/","title":{"rendered":"Om oss"},"content":{"rendered":"<div data-elementor-type=\"wp-page\" data-elementor-id=\"785\" class=\"elementor elementor-785\" data-elementor-post-type=\"page\">\n\t\t\t\t\t\t\t\t\t<section class=\"elementor-section elementor-top-section elementor-element elementor-element-20e5c150 elementor-section-boxed elementor-section-height-default elementor-section-height-default\" data-id=\"20e5c150\" data-element_type=\"section\" data-settings=\"{&quot;background_background&quot;:&quot;classic&quot;}\">\n\t\t\t\t\t\t<div class=\"elementor-container elementor-column-gap-default\">\n\t\t\t\t\t<div class=\"elementor-column elementor-col-100 elementor-top-column elementor-element elementor-element-6387a5a3\" data-id=\"6387a5a3\" data-element_type=\"column\">\n\t\t\t<div class=\"elementor-widget-wrap elementor-element-populated\">\n\t\t\t\t\t\t\t\t<div class=\"elementor-element elementor-element-17942e05 elementor-widget elementor-widget-heading\" data-id=\"17942e05\" data-element_type=\"widget\" data-widget_type=\"heading.default\">\n\t\t\t\t<div class=\"elementor-widget-container\">\n\t\t\t<h2 class=\"elementor-heading-title elementor-size-default\">Om oss<\/h2>\t\t<\/div>\n\t\t\t\t<\/div>\n\t\t\t\t\t<\/div>\n\t\t<\/div>\n\t\t\t\t\t\t\t<\/div>\n\t\t<\/section>\n\t\t<div class=\"elementor-element elementor-element-bbc3c5f e-flex e-con-boxed e-con e-parent\" data-id=\"bbc3c5f\" data-element_type=\"container\" data-settings=\"{&quot;background_background&quot;:&quot;classic&quot;,&quot;container_type&quot;:&quot;flex&quot;,&quot;content_width&quot;:&quot;boxed&quot;}\" data-core-v316-plus=\"true\">\n\t\t\t\t\t<div class=\"e-con-inner\">\n\t\t<div class=\"elementor-element elementor-element-f7500d9 e-con-full e-flex e-con e-child\" data-id=\"f7500d9\" data-element_type=\"container\" data-settings=\"{&quot;content_width&quot;:&quot;full&quot;,&quot;container_type&quot;:&quot;flex&quot;}\">\n\t\t\t\t<div class=\"elementor-element elementor-element-93ba46d elementor-widget elementor-widget-image\" data-id=\"93ba46d\" data-element_type=\"widget\" data-widget_type=\"image.default\">\n\t\t\t\t<div class=\"elementor-widget-container\">\n\t\t\t\t\t\t\t\t\t\t\t\t\t\t\t<img fetchpriority=\"high\" decoding=\"async\" width=\"1000\" height=\"666\" src=\"https:\/\/iptvprimemax.com\/wp-content\/uploads\/2023\/09\/Background1-1024x682.jpeg\" class=\"attachment-large size-large wp-image-645\" alt=\"\" srcset=\"https:\/\/iptvprimemax.com\/wp-content\/uploads\/2023\/09\/Background1-1024x682.jpeg 1024w, https:\/\/iptvprimemax.com\/wp-content\/uploads\/2023\/09\/Background1-300x200.jpeg 300w, https:\/\/iptvprimemax.com\/wp-content\/uploads\/2023\/09\/Background1-768x511.jpeg 768w, https:\/\/iptvprimemax.com\/wp-content\/uploads\/2023\/09\/Background1-650x433.jpeg 650w, https:\/\/iptvprimemax.com\/wp-content\/uploads\/2023\/09\/Background1.jpeg 1200w\" sizes=\"(max-width: 1000px) 100vw, 1000px\">\t\t\t\t\t\t\t\t\t\t\t\t\t\t\t<\/div>\n\t\t\t\t<\/div>\n\t\t\t\t<div class=\"elementor-element elementor-element-22613f8 elementor-widget__width-initial elementor-widget elementor-widget-text-editor\" data-id=\"22613f8\" data-element_type=\"widget\" data-widget_type=\"text-editor.default\">\n\t\t\t\t<div class=\"elementor-widget-container\">\n\t\t\t\t\t\t\t<h3><strong><span style=\"color: #ffffff;\">Se dina favoritfilmer och serier n\u00e4r som helst<\/span><\/strong><\/h3><p><span style=\"font-family: var(--uicore-typography--p-f,'Inter'); font-size: inherit; font-style: var(--uicore-typography--p-st,'normal'); font-weight: var(--uicore-typography--p-w,'600'); letter-spacing: var(--uicore-typography--p-ls,'-0.027em'); text-transform: var(--uicore-typography--p-t,'none');\">F\u00e5 tillg\u00e5ng till en v\u00e4rld av underh\u00e5llning med v\u00e5r b\u00e4sta IPTV-tj\u00e4nst. Streama dina favorit-TV-kanaler, filmer och serier p\u00e5 vilken enhet som helst, n\u00e4r som helst och var som helst. <\/span><\/p>\t\t\t\t\t\t<\/div>\n\t\t\t\t<\/div>\n\t\t\t\t<div class=\"elementor-element elementor-element-8af0611 elementor-invisible elementor-widget elementor-widget-button\" data-id=\"8af0611\" data-element_type=\"widget\" data-settings=\"{&quot;_animation&quot;:&quot;fadeInUp&quot;,&quot;_animation_delay&quot;:800}\" data-widget_type=\"button.default\">\n\t\t\t\t<div class=\"elementor-widget-container\">\n\t\t\t\t\t<div class=\"elementor-button-wrapper\">\n\t\t\t<a class=\"elementor-button elementor-button-link elementor-size-sm\" href=\"\/sv\/iptv\/#pricing\">\n\t\t\t\t\t\t<span class=\"elementor-button-content-wrapper\">\n\t\t\t\t\t\t<span class=\"elementor-button-icon elementor-align-icon-right\">\n\t\t\t\t<i aria-hidden=\"true\" class=\"fas fa-arrow-right\"><\/i>\t\t\t<\/span>\n\t\t\t\t\t\t<span class=\"elementor-button-text\">Prenumerera nu<\/span>\n\t\t<\/span>\n\t\t\t\t\t<\/a>\n\t\t<\/div>\n\t\t\t\t<\/div>\n\t\t\t\t<\/div>\n\t\t\t\t<\/div>\n\t\t<div class=\"elementor-element elementor-element-35c8261 e-con-full e-flex e-con e-child\" data-id=\"35c8261\" data-element_type=\"container\" data-settings=\"{&quot;content_width&quot;:&quot;full&quot;,&quot;container_type&quot;:&quot;flex&quot;}\">\n\t\t\t\t<div class=\"elementor-element elementor-element-9d2edcd elementor-widget__width-initial elementor-widget elementor-widget-text-editor\" data-id=\"9d2edcd\" data-element_type=\"widget\" data-widget_type=\"text-editor.default\">\n\t\t\t\t<div class=\"elementor-widget-container\">\n\t\t\t\t\t\t\t<p>V\u00e4lkommen till IPTV Prime MAX, din fr\u00e4msta k\u00e4lla f\u00f6r h\u00f6gkvalitativa IPTV-abonnemang till \u00f6verkomliga priser. P\u00e5 IPTV Prime MAX brinner vi f\u00f6r att ge v\u00e5ra kunder ett omfattande utbud av streamingalternativ som \u00e4r utformade f\u00f6r att tillgodose alla deras underh\u00e5llningsbehov.<\/p><p>V\u00e5rt team av engagerade medarbetare har varit verksamma inom IPTV-branschen i flera \u00e5r och vi vet vad som kr\u00e4vs f\u00f6r att leverera exceptionell service och support till v\u00e5ra kunder. Vi erbjuder en rad olika IPTV-abonnemangspaket som \u00e4r perfekta f\u00f6r anv\u00e4ndare p\u00e5 alla niv\u00e5er, oavsett om du \u00e4r en vanlig tittare eller en inbiten streamingentusiast.<\/p><p>P\u00e5 IPTV Prime MAX \u00e4r vi stolta \u00f6ver att f\u00f6rse v\u00e5ra kunder med den senaste och mest tillf\u00f6rlitliga IPTV-tekniken. Vi arbetar outtr\u00f6ttligt f\u00f6r att se till att v\u00e5ra servrar alltid \u00e4r ig\u00e5ng, s\u00e5 att du kan njuta av oavbruten tillg\u00e5ng till dina favoritprogram, filmer och sportevenemang.<\/p><p>Vi erbjuder ocks\u00e5 exceptionell kundsupport, s\u00e5 om du n\u00e5gonsin har n\u00e5gra fr\u00e5gor eller funderingar kring ditt abonnemang finns v\u00e5rt team av experter alltid h\u00e4r f\u00f6r att hj\u00e4lpa dig. Vi tror att n\u00f6jda kunder \u00e4r nyckeln till v\u00e5r framg\u00e5ng, och vi \u00e4r fast beslutna att ge dig b\u00e4sta m\u00f6jliga upplevelse varje g\u00e5ng du anv\u00e4nder v\u00e5r tj\u00e4nst.<\/p><p>Tack f\u00f6r att du har valt IPTV Prime MAX. Vi ser fram emot att hj\u00e4lpa dig att ta din streamingupplevelse till n\u00e4sta niv\u00e5.<\/p>\t\t\t\t\t\t<\/div>\n\t\t\t\t<\/div>\n\t\t\t\t<\/div>\n\t\t\t\t\t<\/div>\n\t\t\t\t<\/div>\n\t\t\t\t\t\t\t<\/div>","protected":false},"excerpt":{"rendered":"<p>About us Watch your favorite movies, and series anytime Get access to a world of entertainment with our Best IPTV Service. Stream [&hellip;]<\/p>","protected":false},"author":2,"featured_media":0,"parent":0,"menu_order":0,"comment_status":"closed","ping_status":"closed","template":"","meta":{"rank_math_lock_modified_date":false,"iawp_total_views":146,"footnotes":""},"class_list":["post-785","page","type-page","status-publish","hentry"],"_links":{"self":[{"href":"https:\/\/iptvprimemax.com\/sv\/wp-json\/wp\/v2\/pages\/785","targetHints":{"allow":["GET"]}}],"collection":[{"href":"https:\/\/iptvprimemax.com\/sv\/wp-json\/wp\/v2\/pages"}],"about":[{"href":"https:\/\/iptvprimemax.com\/sv\/wp-json\/wp\/v2\/types\/page"}],"author":[{"embeddable":true,"href":"https:\/\/iptvprimemax.com\/sv\/wp-json\/wp\/v2\/users\/2"}],"replies":[{"embeddable":true,"href":"https:\/\/iptvprimemax.com\/sv\/wp-json\/wp\/v2\/comments?post=785"}],"version-history":[{"count":0,"href":"https:\/\/iptvprimemax.com\/sv\/wp-json\/wp\/v2\/pages\/785\/revisions"}],"wp:attachment":[{"href":"https:\/\/iptvprimemax.com\/sv\/wp-json\/wp\/v2\/media?parent=785"}],"curies":[{"name":"wp","href":"https:\/\/api.w.org\/{rel}","templated":true}]}}