{"id":461,"date":"2023-05-03T19:00:50","date_gmt":"2023-05-03T18:00:50","guid":{"rendered":"https:\/\/iptvprimemax.com\/?page_id=461"},"modified":"2023-12-17T18:45:38","modified_gmt":"2023-12-17T17:45:38","slug":"refund-and-returns-policy","status":"publish","type":"page","link":"https:\/\/iptvprimemax.com\/sv\/refund-and-returns-policy\/","title":{"rendered":"\u00c5terbetalning och returpolicy"},"content":{"rendered":"<div data-elementor-type=\"wp-page\" data-elementor-id=\"461\" class=\"elementor elementor-461\" data-elementor-post-type=\"page\">\n\t\t\t\t\t\t\t\t\t<section class=\"elementor-section elementor-top-section elementor-element elementor-element-d2b26eb elementor-section-boxed elementor-section-height-default elementor-section-height-default\" data-id=\"d2b26eb\" data-element_type=\"section\" data-settings=\"{&quot;background_background&quot;:&quot;classic&quot;}\">\n\t\t\t\t\t\t<div class=\"elementor-container elementor-column-gap-default\">\n\t\t\t\t\t<div class=\"elementor-column elementor-col-100 elementor-top-column elementor-element elementor-element-48ef36f\" data-id=\"48ef36f\" data-element_type=\"column\">\n\t\t\t<div class=\"elementor-widget-wrap elementor-element-populated\">\n\t\t\t\t\t\t\t\t<div class=\"elementor-element elementor-element-c6c914b elementor-widget elementor-widget-heading\" data-id=\"c6c914b\" data-element_type=\"widget\" data-widget_type=\"heading.default\">\n\t\t\t\t<div class=\"elementor-widget-container\">\n\t\t\t<h2 class=\"elementor-heading-title elementor-size-default\">\u00c5terbetalning och returpolicy<\/h2>\t\t<\/div>\n\t\t\t\t<\/div>\n\t\t\t\t<div class=\"elementor-section elementor-inner-section elementor-element elementor-element-1452a13 elementor-section-boxed elementor-section-height-default elementor-section-height-default\" data-id=\"1452a13\" data-element_type=\"section\">\n\t\t\t\t\t\t<div class=\"elementor-container elementor-column-gap-default\">\n\t\t\t\t\t<div class=\"elementor-column elementor-col-100 elementor-inner-column elementor-element elementor-element-c8aabc3\" data-id=\"c8aabc3\" data-element_type=\"column\">\n\t\t\t<div class=\"elementor-widget-wrap elementor-element-populated\">\n\t\t\t\t\t\t\t\t<div class=\"elementor-element elementor-element-385613c elementor-widget__width-initial elementor-widget elementor-widget-text-editor\" data-id=\"385613c\" data-element_type=\"widget\" data-widget_type=\"text-editor.default\">\n\t\t\t\t<div class=\"elementor-widget-container\">\n\t\t\t\t\t\t\t<h3><strong style=\"font-size: inherit; color: #ffffff; font-family: var(--uicore-typography--p-f,'Inter'); font-style: var(--uicore-typography--p-st,'normal'); letter-spacing: var(--uicore-typography--p-ls,'-0.027em'); text-transform: var(--uicore-typography--p-t,'none');\"><span style=\"font-weight: bolder;\">\u00d6versikt<\/span><\/strong><\/h3><p><span style=\"font-family: var(--uicore-typography--p-f,'Inter'); font-size: inherit; font-style: var(--uicore-typography--p-st,'normal'); font-weight: var(--uicore-typography--p-w,'600'); letter-spacing: var(--uicore-typography--p-ls,'-0.027em'); text-transform: var(--uicore-typography--p-t,'none');\">Tack f\u00f6r att du v\u00e4ljer oss f\u00f6r dina IPTV-tj\u00e4nster. Vi str\u00e4var efter att ge v\u00e5ra kunder b\u00e4sta m\u00f6jliga upplevelse. Vi f\u00f6rst\u00e5r dock att det kan finnas omst\u00e4ndigheter d\u00e4r du beh\u00f6ver beg\u00e4ra \u00e5terbetalning eller returnera v\u00e5ra tj\u00e4nster. L\u00e4s denna policy noggrant f\u00f6r att f\u00f6rst\u00e5 dina r\u00e4ttigheter och skyldigheter.<\/span><\/p><p>V\u00e5r \u00e5terbetalnings- och returpolicy g\u00e4ller i 7 dagar. Om det har g\u00e5tt 7 dagar sedan ditt k\u00f6p kan vi inte erbjuda dig full \u00e5terbetalning eller byte.\u00a0<\/p><p>Vi erbjuder en 7-dagars pengarna-tillbaka-garanti p\u00e5 v\u00e5ra tj\u00e4nster. Om vi inte kan l\u00f6sa ditt problem, eller om du inte \u00e4r helt n\u00f6jd med v\u00e5ra tj\u00e4nster under denna period, kan du beg\u00e4ra full \u00e5terbetalning. Observera att denna pengarna-tillbaka-garanti omfattas av f\u00f6ljande villkor:<\/p><ul><li>Beg\u00e4ran om \u00e5terbetalning m\u00e5ste g\u00f6ras inom 7 dagar fr\u00e5n datumet f\u00f6r din f\u00f6rsta prenumeration.<\/li><li>Beg\u00e4ran om \u00e5terbetalning m\u00e5ste g\u00f6ras via v\u00e5ra angivna supportkanaler (e-post, kontaktformul\u00e4r, chattwidget)<\/li><li>\u00c5terbetalningar \u00e4r endast tillg\u00e4ngliga f\u00f6r nya kunder och f\u00f6rstag\u00e5ngsk\u00f6p.<\/li><li>\u00c5terbetalningar kommer att behandlas inom 2 arbetsdagar fr\u00e5n datumet f\u00f6r din beg\u00e4ran.<\/li><\/ul><h3 style=\"font-family: Inter; font-weight: var(--uicore-typography--h3-w,'600'); line-height: var(--uicore-typography--h3-h,'1.2'); letter-spacing: var(--uicore-typography--h3-ls,'-0.027em'); text-transform: none; font-style: normal; font-size: var(--uicore-typography--h3-s,'10px'); margin-top: 0px;\"><span style=\"font-weight: bolder; font-size: inherit; color: #ffffff; font-family: var(--uicore-typography--p-f,'Inter'); font-style: var(--uicore-typography--p-st,'normal'); letter-spacing: var(--uicore-typography--p-ls,'-0.027em'); text-transform: var(--uicore-typography--p-t,'none');\">Beh\u00f6ver du hj\u00e4lp?<\/span><\/h3><p>Om du har n\u00e5gra fr\u00e5gor eller beh\u00f6ver ytterligare hj\u00e4lp med \u00e5terbetalningar och returer, v\u00e4nligen kontakta v\u00e5r kundtj\u00e4nst p\u00e5 {<strong><a href=\"mailto:support@iptvprimemax.com\">support@iptvprimemax.com<\/a><\/strong>} eller <strong><a href=\"https:\/\/wa.me\/12518403701\" target=\"_blank\" rel=\"noopener\">+1 (251) 840-3701<\/a><\/strong> via WhatsApp.<\/p>\t\t\t\t\t\t<\/div>\n\t\t\t\t<\/div>\n\t\t\t\t\t<\/div>\n\t\t<\/div>\n\t\t\t\t\t\t\t<\/div>\n\t\t<\/div>\n\t\t\t\t\t<\/div>\n\t\t<\/div>\n\t\t\t\t\t\t\t<\/div>\n\t\t<\/section>\n\t\t\t\t\t\t\t<\/div>","protected":false},"excerpt":{"rendered":"<p>Refund and Returns Policy Overview Thank you for choosing us for your IPTV services. We strive to provide the best possible experience [&hellip;]<\/p>","protected":false},"author":2,"featured_media":0,"parent":0,"menu_order":0,"comment_status":"closed","ping_status":"closed","template":"","meta":{"rank_math_lock_modified_date":false,"iawp_total_views":15,"footnotes":""},"class_list":["post-461","page","type-page","status-publish","hentry"],"_links":{"self":[{"href":"https:\/\/iptvprimemax.com\/sv\/wp-json\/wp\/v2\/pages\/461","targetHints":{"allow":["GET"]}}],"collection":[{"href":"https:\/\/iptvprimemax.com\/sv\/wp-json\/wp\/v2\/pages"}],"about":[{"href":"https:\/\/iptvprimemax.com\/sv\/wp-json\/wp\/v2\/types\/page"}],"author":[{"embeddable":true,"href":"https:\/\/iptvprimemax.com\/sv\/wp-json\/wp\/v2\/users\/2"}],"replies":[{"embeddable":true,"href":"https:\/\/iptvprimemax.com\/sv\/wp-json\/wp\/v2\/comments?post=461"}],"version-history":[{"count":0,"href":"https:\/\/iptvprimemax.com\/sv\/wp-json\/wp\/v2\/pages\/461\/revisions"}],"wp:attachment":[{"href":"https:\/\/iptvprimemax.com\/sv\/wp-json\/wp\/v2\/media?parent=461"}],"curies":[{"name":"wp","href":"https:\/\/api.w.org\/{rel}","templated":true}]}}