{"id":785,"date":"2023-09-12T15:09:05","date_gmt":"2023-09-12T14:09:05","guid":{"rendered":"https:\/\/iptvprimemax.com\/?page_id=785"},"modified":"2023-12-18T22:21:18","modified_gmt":"2023-12-18T21:21:18","slug":"about-us","status":"publish","type":"page","link":"https:\/\/iptvprimemax.com\/de\/about-us\/","title":{"rendered":"\u00dcber uns"},"content":{"rendered":"<div data-elementor-type=\"wp-page\" data-elementor-id=\"785\" class=\"elementor elementor-785\" data-elementor-post-type=\"page\">\n\t\t\t\t\t\t\t\t\t<section class=\"elementor-section elementor-top-section elementor-element elementor-element-20e5c150 elementor-section-boxed elementor-section-height-default elementor-section-height-default\" data-id=\"20e5c150\" data-element_type=\"section\" data-settings=\"{&quot;background_background&quot;:&quot;classic&quot;}\">\n\t\t\t\t\t\t<div class=\"elementor-container elementor-column-gap-default\">\n\t\t\t\t\t<div class=\"elementor-column elementor-col-100 elementor-top-column elementor-element elementor-element-6387a5a3\" data-id=\"6387a5a3\" data-element_type=\"column\">\n\t\t\t<div class=\"elementor-widget-wrap elementor-element-populated\">\n\t\t\t\t\t\t\t\t<div class=\"elementor-element elementor-element-17942e05 elementor-widget elementor-widget-heading\" data-id=\"17942e05\" data-element_type=\"widget\" data-widget_type=\"heading.default\">\n\t\t\t\t<div class=\"elementor-widget-container\">\n\t\t\t<h2 class=\"elementor-heading-title elementor-size-default\">\u00dcber uns<\/h2>\t\t<\/div>\n\t\t\t\t<\/div>\n\t\t\t\t\t<\/div>\n\t\t<\/div>\n\t\t\t\t\t\t\t<\/div>\n\t\t<\/section>\n\t\t<div class=\"elementor-element elementor-element-bbc3c5f e-flex e-con-boxed e-con e-parent\" data-id=\"bbc3c5f\" data-element_type=\"container\" data-settings=\"{&quot;background_background&quot;:&quot;classic&quot;,&quot;container_type&quot;:&quot;flex&quot;,&quot;content_width&quot;:&quot;boxed&quot;}\" data-core-v316-plus=\"true\">\n\t\t\t\t\t<div class=\"e-con-inner\">\n\t\t<div class=\"elementor-element elementor-element-f7500d9 e-con-full e-flex e-con e-child\" data-id=\"f7500d9\" data-element_type=\"container\" data-settings=\"{&quot;content_width&quot;:&quot;full&quot;,&quot;container_type&quot;:&quot;flex&quot;}\">\n\t\t\t\t<div class=\"elementor-element elementor-element-93ba46d elementor-widget elementor-widget-image\" data-id=\"93ba46d\" data-element_type=\"widget\" data-widget_type=\"image.default\">\n\t\t\t\t<div class=\"elementor-widget-container\">\n\t\t\t\t\t\t\t\t\t\t\t\t\t\t\t<img fetchpriority=\"high\" decoding=\"async\" width=\"1000\" height=\"666\" src=\"https:\/\/iptvprimemax.com\/wp-content\/uploads\/2023\/09\/Background1-1024x682.jpeg\" class=\"attachment-large size-large wp-image-645\" alt=\"\" srcset=\"https:\/\/iptvprimemax.com\/wp-content\/uploads\/2023\/09\/Background1-1024x682.jpeg 1024w, https:\/\/iptvprimemax.com\/wp-content\/uploads\/2023\/09\/Background1-300x200.jpeg 300w, https:\/\/iptvprimemax.com\/wp-content\/uploads\/2023\/09\/Background1-768x511.jpeg 768w, https:\/\/iptvprimemax.com\/wp-content\/uploads\/2023\/09\/Background1-650x433.jpeg 650w, https:\/\/iptvprimemax.com\/wp-content\/uploads\/2023\/09\/Background1.jpeg 1200w\" sizes=\"(max-width: 1000px) 100vw, 1000px\">\t\t\t\t\t\t\t\t\t\t\t\t\t\t\t<\/div>\n\t\t\t\t<\/div>\n\t\t\t\t<div class=\"elementor-element elementor-element-22613f8 elementor-widget__width-initial elementor-widget elementor-widget-text-editor\" data-id=\"22613f8\" data-element_type=\"widget\" data-widget_type=\"text-editor.default\">\n\t\t\t\t<div class=\"elementor-widget-container\">\n\t\t\t\t\t\t\t<h3><strong><span style=\"color: #ffffff;\">Sehen Sie sich Ihre Lieblingsfilme und -serien jederzeit an<\/span><\/strong><\/h3><p><span style=\"font-family: var(--uicore-typography--p-f,'Inter'); font-size: inherit; font-style: var(--uicore-typography--p-st,'normal'); font-weight: var(--uicore-typography--p-w,'600'); letter-spacing: var(--uicore-typography--p-ls,'-0.027em'); text-transform: var(--uicore-typography--p-t,'none');\">Erhalten Sie Zugang zu einer Welt der Unterhaltung mit unserem besten IPTV-Service. Streamen Sie Ihre Lieblings-TV-Kan\u00e4le, Filme und Serien auf jedem Ger\u00e4t, jederzeit und \u00fcberall. <\/span><\/p>\t\t\t\t\t\t<\/div>\n\t\t\t\t<\/div>\n\t\t\t\t<div class=\"elementor-element elementor-element-8af0611 elementor-invisible elementor-widget elementor-widget-button\" data-id=\"8af0611\" data-element_type=\"widget\" data-settings=\"{&quot;_animation&quot;:&quot;fadeInUp&quot;,&quot;_animation_delay&quot;:800}\" data-widget_type=\"button.default\">\n\t\t\t\t<div class=\"elementor-widget-container\">\n\t\t\t\t\t<div class=\"elementor-button-wrapper\">\n\t\t\t<a class=\"elementor-button elementor-button-link elementor-size-sm\" href=\"\/de\/iptv\/#pricing\">\n\t\t\t\t\t\t<span class=\"elementor-button-content-wrapper\">\n\t\t\t\t\t\t<span class=\"elementor-button-icon elementor-align-icon-right\">\n\t\t\t\t<i aria-hidden=\"true\" class=\"fas fa-arrow-right\"><\/i>\t\t\t<\/span>\n\t\t\t\t\t\t<span class=\"elementor-button-text\">Jetzt abonnieren<\/span>\n\t\t<\/span>\n\t\t\t\t\t<\/a>\n\t\t<\/div>\n\t\t\t\t<\/div>\n\t\t\t\t<\/div>\n\t\t\t\t<\/div>\n\t\t<div class=\"elementor-element elementor-element-35c8261 e-con-full e-flex e-con e-child\" data-id=\"35c8261\" data-element_type=\"container\" data-settings=\"{&quot;content_width&quot;:&quot;full&quot;,&quot;container_type&quot;:&quot;flex&quot;}\">\n\t\t\t\t<div class=\"elementor-element elementor-element-9d2edcd elementor-widget__width-initial elementor-widget elementor-widget-text-editor\" data-id=\"9d2edcd\" data-element_type=\"widget\" data-widget_type=\"text-editor.default\">\n\t\t\t\t<div class=\"elementor-widget-container\">\n\t\t\t\t\t\t\t<p>Willkommen bei IPTV Prime MAX, Ihrer ersten Adresse f\u00fcr hochwertige IPTV-Abonnements zu g\u00fcnstigen Preisen. Bei IPTV Prime MAX ist es unsere Leidenschaft, unseren Kunden ein umfassendes Angebot an Streaming-Optionen zu bieten, die alle ihre Unterhaltungsbed\u00fcrfnisse erf\u00fcllen.<\/p><p>Unser Team aus engagierten Fachleuten ist seit Jahren in der IPTV-Branche t\u00e4tig und wei\u00df, was n\u00f6tig ist, um unseren Kunden einen hervorragenden Service und Support zu bieten. Wir bieten eine Reihe von IPTV-Abonnementpaketen an, die sich f\u00fcr Nutzer aller Niveaus eignen, egal ob Sie ein Gelegenheitszuschauer oder ein eingefleischter Streaming-Fan sind.<\/p><p>Bei IPTV Prime MAX sind wir stolz darauf, unseren Kunden die neueste und zuverl\u00e4ssigste IPTV-Technologie zu bieten. Wir arbeiten unerm\u00fcdlich, um sicherzustellen, dass unsere Server immer betriebsbereit sind, damit Sie ununterbrochenen Zugang zu Ihren Lieblingssendungen, Filmen und Sportereignissen genie\u00dfen k\u00f6nnen.<\/p><p>Au\u00dferdem bieten wir einen hervorragenden Kundensupport. Wenn Sie also Fragen oder Bedenken zu Ihrem Abonnement haben, steht Ihnen unser Expertenteam jederzeit zur Verf\u00fcgung. Wir glauben, dass die Zufriedenheit unserer Kunden der Schl\u00fcssel zu unserem Erfolg ist, und wir sind bestrebt, Ihnen jedes Mal, wenn Sie unseren Service nutzen, die bestm\u00f6gliche Erfahrung zu bieten.<\/p><p>Vielen Dank, dass Sie sich f\u00fcr IPTV Prime MAX entschieden haben. Wir freuen uns darauf, Ihnen dabei zu helfen, Ihr Streaming-Erlebnis auf die n\u00e4chste Stufe zu heben.<\/p>\t\t\t\t\t\t<\/div>\n\t\t\t\t<\/div>\n\t\t\t\t<\/div>\n\t\t\t\t\t<\/div>\n\t\t\t\t<\/div>\n\t\t\t\t\t\t\t<\/div>","protected":false},"excerpt":{"rendered":"<p>\u00dcber uns Sehen Sie sich Ihre Lieblingsfilme und -serien jederzeit an. Erhalten Sie Zugang zu einer Welt der Unterhaltung mit unserem besten IPTV-Service. Streamen Sie [...]<\/p>","protected":false},"author":2,"featured_media":0,"parent":0,"menu_order":0,"comment_status":"closed","ping_status":"closed","template":"","meta":{"rank_math_lock_modified_date":false,"iawp_total_views":146,"footnotes":""},"class_list":["post-785","page","type-page","status-publish","hentry"],"_links":{"self":[{"href":"https:\/\/iptvprimemax.com\/de\/wp-json\/wp\/v2\/pages\/785","targetHints":{"allow":["GET"]}}],"collection":[{"href":"https:\/\/iptvprimemax.com\/de\/wp-json\/wp\/v2\/pages"}],"about":[{"href":"https:\/\/iptvprimemax.com\/de\/wp-json\/wp\/v2\/types\/page"}],"author":[{"embeddable":true,"href":"https:\/\/iptvprimemax.com\/de\/wp-json\/wp\/v2\/users\/2"}],"replies":[{"embeddable":true,"href":"https:\/\/iptvprimemax.com\/de\/wp-json\/wp\/v2\/comments?post=785"}],"version-history":[{"count":0,"href":"https:\/\/iptvprimemax.com\/de\/wp-json\/wp\/v2\/pages\/785\/revisions"}],"wp:attachment":[{"href":"https:\/\/iptvprimemax.com\/de\/wp-json\/wp\/v2\/media?parent=785"}],"curies":[{"name":"wp","href":"https:\/\/api.w.org\/{rel}","templated":true}]}}