{"id":461,"date":"2023-05-03T19:00:50","date_gmt":"2023-05-03T18:00:50","guid":{"rendered":"https:\/\/iptvprimemax.com\/?page_id=461"},"modified":"2023-12-17T18:45:38","modified_gmt":"2023-12-17T17:45:38","slug":"refund-and-returns-policy","status":"publish","type":"page","link":"https:\/\/iptvprimemax.com\/de\/refund-and-returns-policy\/","title":{"rendered":"Erstattungs- und R\u00fcckgabebestimmungen"},"content":{"rendered":"<div data-elementor-type=\"wp-page\" data-elementor-id=\"461\" class=\"elementor elementor-461\" data-elementor-post-type=\"page\">\n\t\t\t\t\t\t\t\t\t<section class=\"elementor-section elementor-top-section elementor-element elementor-element-d2b26eb elementor-section-boxed elementor-section-height-default elementor-section-height-default\" data-id=\"d2b26eb\" data-element_type=\"section\" data-settings=\"{&quot;background_background&quot;:&quot;classic&quot;}\">\n\t\t\t\t\t\t<div class=\"elementor-container elementor-column-gap-default\">\n\t\t\t\t\t<div class=\"elementor-column elementor-col-100 elementor-top-column elementor-element elementor-element-48ef36f\" data-id=\"48ef36f\" data-element_type=\"column\">\n\t\t\t<div class=\"elementor-widget-wrap elementor-element-populated\">\n\t\t\t\t\t\t\t\t<div class=\"elementor-element elementor-element-c6c914b elementor-widget elementor-widget-heading\" data-id=\"c6c914b\" data-element_type=\"widget\" data-widget_type=\"heading.default\">\n\t\t\t\t<div class=\"elementor-widget-container\">\n\t\t\t<h2 class=\"elementor-heading-title elementor-size-default\">Erstattungs- und R\u00fcckgabebestimmungen<\/h2>\t\t<\/div>\n\t\t\t\t<\/div>\n\t\t\t\t<div class=\"elementor-section elementor-inner-section elementor-element elementor-element-1452a13 elementor-section-boxed elementor-section-height-default elementor-section-height-default\" data-id=\"1452a13\" data-element_type=\"section\">\n\t\t\t\t\t\t<div class=\"elementor-container elementor-column-gap-default\">\n\t\t\t\t\t<div class=\"elementor-column elementor-col-100 elementor-inner-column elementor-element elementor-element-c8aabc3\" data-id=\"c8aabc3\" data-element_type=\"column\">\n\t\t\t<div class=\"elementor-widget-wrap elementor-element-populated\">\n\t\t\t\t\t\t\t\t<div class=\"elementor-element elementor-element-385613c elementor-widget__width-initial elementor-widget elementor-widget-text-editor\" data-id=\"385613c\" data-element_type=\"widget\" data-widget_type=\"text-editor.default\">\n\t\t\t\t<div class=\"elementor-widget-container\">\n\t\t\t\t\t\t\t<h3><strong style=\"font-size: inherit; color: #ffffff; font-family: var(--uicore-typography--p-f,'Inter'); font-style: var(--uicore-typography--p-st,'normal'); letter-spacing: var(--uicore-typography--p-ls,'-0.027em'); text-transform: var(--uicore-typography--p-t,'none');\"><span style=\"font-weight: bolder;\">\u00dcbersicht<\/span><\/strong><\/h3><p><span style=\"font-family: var(--uicore-typography--p-f,'Inter'); font-size: inherit; font-style: var(--uicore-typography--p-st,'normal'); font-weight: var(--uicore-typography--p-w,'600'); letter-spacing: var(--uicore-typography--p-ls,'-0.027em'); text-transform: var(--uicore-typography--p-t,'none');\">Vielen Dank, dass Sie uns f\u00fcr Ihre IPTV-Dienste gew\u00e4hlt haben. Wir bem\u00fchen uns, unseren Kunden die bestm\u00f6gliche Erfahrung zu bieten. Wir verstehen jedoch, dass es Umst\u00e4nde geben kann, unter denen Sie eine R\u00fcckerstattung beantragen oder unsere Dienste zur\u00fcckgeben m\u00fcssen. Bitte lesen Sie diese Richtlinie sorgf\u00e4ltig durch, um Ihre Rechte und Pflichten zu verstehen.<\/span><\/p><p>Unsere Erstattungs- und R\u00fcckgabebestimmungen gelten f\u00fcr 7 Tage. Wenn 7 Tage seit Ihrem Kauf vergangen sind, k\u00f6nnen wir Ihnen keine volle R\u00fcckerstattung oder Umtausch anbieten.\u00a0<\/p><p>Wir bieten eine 7-t\u00e4gige Geld-zur\u00fcck-Garantie f\u00fcr unsere Dienstleistungen. Wenn wir Ihr Problem nicht l\u00f6sen k\u00f6nnen oder Sie w\u00e4hrend dieses Zeitraums nicht vollst\u00e4ndig mit unseren Dienstleistungen zufrieden sind, k\u00f6nnen Sie eine vollst\u00e4ndige R\u00fcckerstattung verlangen. Bitte beachten Sie, dass diese Geld-zur\u00fcck-Garantie an die folgenden Bedingungen gekn\u00fcpft ist:<\/p><ul><li>Der Antrag auf R\u00fcckerstattung muss innerhalb von 7 Tagen ab dem Datum Ihres ersten Abonnements gestellt werden.<\/li><li>Der Antrag auf R\u00fcckerstattung muss \u00fcber die von uns vorgesehenen Support-Kan\u00e4le (E-Mail, Kontaktformular, Chat-Widget) gestellt werden.<\/li><li>Erstattungen sind nur f\u00fcr Neukunden und Erstk\u00e4ufer m\u00f6glich.<\/li><li>Erstattungen werden innerhalb von 2 Werktagen ab dem Datum Ihres Antrags bearbeitet.<\/li><\/ul><h3 style=\"font-family: Inter; font-weight: var(--uicore-typography--h3-w,'600'); line-height: var(--uicore-typography--h3-h,'1.2'); letter-spacing: var(--uicore-typography--h3-ls,'-0.027em'); text-transform: none; font-style: normal; font-size: var(--uicore-typography--h3-s,'10px'); margin-top: 0px;\"><span style=\"font-weight: bolder; font-size: inherit; color: #ffffff; font-family: var(--uicore-typography--p-f,'Inter'); font-style: var(--uicore-typography--p-st,'normal'); letter-spacing: var(--uicore-typography--p-ls,'-0.027em'); text-transform: var(--uicore-typography--p-t,'none');\">Brauchen Sie Hilfe?<\/span><\/h3><p>Wenn Sie Fragen haben oder weitere Unterst\u00fctzung in Bezug auf R\u00fcckerstattungen und R\u00fccksendungen ben\u00f6tigen, wenden Sie sich bitte an unser Kundensupport-Team unter {<strong><a href=\"mailto:support@iptvprimemax.com\">support@iptvprimemax.com<\/a><\/strong>} oder <strong><a href=\"https:\/\/wa.me\/12518403701\" target=\"_blank\" rel=\"noopener\">+1 (251) 840-3701<\/a><\/strong> \u00fcber WhatsApp.<\/p>\t\t\t\t\t\t<\/div>\n\t\t\t\t<\/div>\n\t\t\t\t\t<\/div>\n\t\t<\/div>\n\t\t\t\t\t\t\t<\/div>\n\t\t<\/div>\n\t\t\t\t\t<\/div>\n\t\t<\/div>\n\t\t\t\t\t\t\t<\/div>\n\t\t<\/section>\n\t\t\t\t\t\t\t<\/div>","protected":false},"excerpt":{"rendered":"<p>R\u00fcckerstattungs- und R\u00fcckgabebestimmungen \u00dcbersicht Vielen Dank, dass Sie sich f\u00fcr unsere IPTV-Dienste entschieden haben. Wir bem\u00fchen uns, Ihnen das bestm\u00f6gliche Erlebnis zu bieten [...]<\/p>","protected":false},"author":2,"featured_media":0,"parent":0,"menu_order":0,"comment_status":"closed","ping_status":"closed","template":"","meta":{"rank_math_lock_modified_date":false,"iawp_total_views":15,"footnotes":""},"class_list":["post-461","page","type-page","status-publish","hentry"],"_links":{"self":[{"href":"https:\/\/iptvprimemax.com\/de\/wp-json\/wp\/v2\/pages\/461","targetHints":{"allow":["GET"]}}],"collection":[{"href":"https:\/\/iptvprimemax.com\/de\/wp-json\/wp\/v2\/pages"}],"about":[{"href":"https:\/\/iptvprimemax.com\/de\/wp-json\/wp\/v2\/types\/page"}],"author":[{"embeddable":true,"href":"https:\/\/iptvprimemax.com\/de\/wp-json\/wp\/v2\/users\/2"}],"replies":[{"embeddable":true,"href":"https:\/\/iptvprimemax.com\/de\/wp-json\/wp\/v2\/comments?post=461"}],"version-history":[{"count":0,"href":"https:\/\/iptvprimemax.com\/de\/wp-json\/wp\/v2\/pages\/461\/revisions"}],"wp:attachment":[{"href":"https:\/\/iptvprimemax.com\/de\/wp-json\/wp\/v2\/media?parent=461"}],"curies":[{"name":"wp","href":"https:\/\/api.w.org\/{rel}","templated":true}]}}